{"id":70,"date":"2021-06-15T20:37:12","date_gmt":"2021-06-15T18:37:12","guid":{"rendered":"http:\/\/www.priamacesta.sk\/?page_id=70"},"modified":"2022-04-07T19:27:14","modified_gmt":"2022-04-07T17:27:14","slug":"prax","status":"publish","type":"page","link":"http:\/\/www.priamacesta.sk\/index.php\/prax\/","title":{"rendered":"Prax priamej cesty"},"content":{"rendered":"\n<p>Priama cesta k rozpoznaniu skuto\u010dnosti spo\u010d\u00edva v praktikovan\u00ed troch z\u00e1kladn\u00fdch aspektov bytia, ktor\u00fdmi s\u00fa pozorovanie, l\u00e1ska a odovzdanie sa. Nepretr\u017eit\u00e1 prax t\u00fdchto troch aspektov s\u00fa\u010dasne vedie k osobnej sk\u00fasenosti spojenia vedomia &#8220;Ja som&#8221; s najvy\u0161\u0161\u00edm vedom\u00edm a k priamemu rozpoznaniu skuto\u010dnosti. <\/p>\n\n\n\n<blockquote class=\"wp-block-quote is-layout-flow wp-block-quote-is-layout-flow\" id=\"pozorovanie\"><p>Pozorovanie<\/p><\/blockquote>\n\n\n\n<p>Prax pozorovania alebo vedom\u00e9 sk\u00famanie sam\u00e9ho seba spo\u010d\u00edva v upriamen\u00ed n\u00e1\u0161ho vedomia na vedomie samotn\u00e9 &#8211; na kone\u010dn\u00e9ho pozorovate\u013ea v n\u00e1s a na samotn\u00fd akt pozorovania s\u00fa\u010dasne.<\/p>\n\n\n\n<blockquote class=\"wp-block-quote is-layout-flow wp-block-quote-is-layout-flow\" id=\"laska\"><p>L\u00e1ska<\/p><\/blockquote>\n\n\n\n<p>Prax l\u00e1sky spo\u010d\u00edva vo vedomom pre\u017e\u00edvan\u00ed nepodmienenej l\u00e1sky k najvy\u0161\u0161iemu vedomiu a k stvoreniu vo svojej jednote a mnohosti.<\/p>\n\n\n\n<blockquote class=\"wp-block-quote is-layout-flow wp-block-quote-is-layout-flow\" id=\"odovzdanie-sa\"><p>Odovzdanie sa<\/p><\/blockquote>\n\n\n\n<p>Prax odovzdania sa spo\u010d\u00edva v neodporovan\u00ed a vo vedomom odovzdan\u00ed sa do v\u00f4le najvy\u0161\u0161ieho vedomia.<\/p>\n","protected":false},"excerpt":{"rendered":"<p>Priama cesta k rozpoznaniu skuto\u010dnosti spo\u010d\u00edva v praktikovan\u00ed troch z\u00e1kladn\u00fdch aspektov bytia, ktor\u00fdmi s\u00fa pozorovanie, l\u00e1ska a odovzdanie sa. Nepretr\u017eit\u00e1 prax t\u00fdchto troch aspektov s\u00fa\u010dasne &hellip; <\/p>\n","protected":false},"author":1,"featured_media":0,"parent":0,"menu_order":0,"comment_status":"closed","ping_status":"closed","template":"","meta":{"footnotes":""},"class_list":["post-70","page","type-page","status-publish","hentry"],"_links":{"self":[{"href":"http:\/\/www.priamacesta.sk\/index.php\/wp-json\/wp\/v2\/pages\/70","targetHints":{"allow":["GET"]}}],"collection":[{"href":"http:\/\/www.priamacesta.sk\/index.php\/wp-json\/wp\/v2\/pages"}],"about":[{"href":"http:\/\/www.priamacesta.sk\/index.php\/wp-json\/wp\/v2\/types\/page"}],"author":[{"embeddable":true,"href":"http:\/\/www.priamacesta.sk\/index.php\/wp-json\/wp\/v2\/users\/1"}],"replies":[{"embeddable":true,"href":"http:\/\/www.priamacesta.sk\/index.php\/wp-json\/wp\/v2\/comments?post=70"}],"version-history":[{"count":7,"href":"http:\/\/www.priamacesta.sk\/index.php\/wp-json\/wp\/v2\/pages\/70\/revisions"}],"predecessor-version":[{"id":128,"href":"http:\/\/www.priamacesta.sk\/index.php\/wp-json\/wp\/v2\/pages\/70\/revisions\/128"}],"wp:attachment":[{"href":"http:\/\/www.priamacesta.sk\/index.php\/wp-json\/wp\/v2\/media?parent=70"}],"curies":[{"name":"wp","href":"https:\/\/api.w.org\/{rel}","templated":true}]}}