{"id":7,"date":"2021-05-13T12:01:06","date_gmt":"2021-05-13T10:01:06","guid":{"rendered":"http:\/\/www.priamacesta.sk\/?page_id=7"},"modified":"2021-06-15T21:26:27","modified_gmt":"2021-06-15T19:26:27","slug":"kontakt","status":"publish","type":"page","link":"http:\/\/www.priamacesta.sk\/index.php\/kontakt\/","title":{"rendered":"Kontakt"},"content":{"rendered":"\n<div class=\"wp-block-columns is-layout-flex wp-container-core-columns-is-layout-9d6595d7 wp-block-columns-is-layout-flex\">\n<div class=\"wp-block-column is-vertically-aligned-center is-layout-flow wp-block-column-is-layout-flow\" style=\"flex-basis:100%\">\n<div class=\"wp-block-group\"><div class=\"wp-block-group__inner-container is-layout-flow wp-block-group-is-layout-flow\">\n<div class=\"wp-block-columns is-layout-flex wp-container-core-columns-is-layout-9d6595d7 wp-block-columns-is-layout-flex\">\n<div class=\"wp-block-column is-layout-flow wp-block-column-is-layout-flow\" style=\"flex-basis:100%\">\n<div class=\"wp-block-group\"><div class=\"wp-block-group__inner-container is-layout-flow wp-block-group-is-layout-flow\">\n<div class=\"wp-block-columns is-layout-flex wp-container-core-columns-is-layout-9d6595d7 wp-block-columns-is-layout-flex\">\n<div class=\"wp-block-column is-layout-flow wp-block-column-is-layout-flow\" style=\"flex-basis:100%\">\n<div class=\"wp-block-group alignwide\"><div class=\"wp-block-group__inner-container is-layout-flow wp-block-group-is-layout-flow\">\n<div class=\"wp-block-columns alignwide are-vertically-aligned-center is-layout-flex wp-container-core-columns-is-layout-9d6595d7 wp-block-columns-is-layout-flex\">\n<div class=\"wp-block-column is-vertically-aligned-center is-layout-flow wp-block-column-is-layout-flow\" style=\"flex-basis:50%\">\n<figure class=\"wp-block-image size-thumbnail is-style-rounded\"><img loading=\"lazy\" decoding=\"async\" width=\"150\" height=\"150\" src=\"http:\/\/www.priamacesta.sk\/wp-content\/uploads\/2021\/06\/MartinVelicky-150x150.jpg\" alt=\"\" class=\"wp-image-79\"\/><\/figure>\n\n\n\n<p><a href=\"mailto:info@priamacesta.sk\">info@priamacesta.sk<\/a><\/p>\n<\/div>\n\n\n\n<div class=\"wp-block-column is-vertically-aligned-center is-layout-flow wp-block-column-is-layout-flow\" style=\"flex-basis:50%\">\n<p>Kto som ja, nie je d\u00f4le\u017eit\u00e9. P\u00fdtaj sa rad\u0161ej &#8220;Kto som Ja?&#8221;<\/p>\n\n\n\n<p>Ak mi chce\u0161 predsa len nie\u010do nap\u00edsa\u0165, pou\u017ei, pros\u00edm, nasleduj\u00faci email.<\/p>\n\n\n\n<p>Vol\u00e1m sa Martin &#8220;Ko\u0148\u00fdk&#8221; Velick\u00fd.<\/p>\n<\/div>\n<\/div>\n<\/div><\/div>\n<\/div>\n<\/div>\n<\/div><\/div>\n<\/div>\n<\/div>\n<\/div><\/div>\n<\/div>\n<\/div>\n","protected":false},"excerpt":{"rendered":"<p>info@priamacesta.sk Kto som ja, nie je d\u00f4le\u017eit\u00e9. P\u00fdtaj sa rad\u0161ej &#8220;Kto som Ja?&#8221; Ak mi chce\u0161 predsa len nie\u010do nap\u00edsa\u0165, pou\u017ei, pros\u00edm, nasleduj\u00faci email. Vol\u00e1m &hellip; <\/p>\n","protected":false},"author":1,"featured_media":0,"parent":0,"menu_order":0,"comment_status":"closed","ping_status":"closed","template":"","meta":{"footnotes":""},"class_list":["post-7","page","type-page","status-publish","hentry"],"_links":{"self":[{"href":"http:\/\/www.priamacesta.sk\/index.php\/wp-json\/wp\/v2\/pages\/7","targetHints":{"allow":["GET"]}}],"collection":[{"href":"http:\/\/www.priamacesta.sk\/index.php\/wp-json\/wp\/v2\/pages"}],"about":[{"href":"http:\/\/www.priamacesta.sk\/index.php\/wp-json\/wp\/v2\/types\/page"}],"author":[{"embeddable":true,"href":"http:\/\/www.priamacesta.sk\/index.php\/wp-json\/wp\/v2\/users\/1"}],"replies":[{"embeddable":true,"href":"http:\/\/www.priamacesta.sk\/index.php\/wp-json\/wp\/v2\/comments?post=7"}],"version-history":[{"count":12,"href":"http:\/\/www.priamacesta.sk\/index.php\/wp-json\/wp\/v2\/pages\/7\/revisions"}],"predecessor-version":[{"id":96,"href":"http:\/\/www.priamacesta.sk\/index.php\/wp-json\/wp\/v2\/pages\/7\/revisions\/96"}],"wp:attachment":[{"href":"http:\/\/www.priamacesta.sk\/index.php\/wp-json\/wp\/v2\/media?parent=7"}],"curies":[{"name":"wp","href":"https:\/\/api.w.org\/{rel}","templated":true}]}}