{"id":2,"date":"2021-05-13T11:54:41","date_gmt":"2021-05-13T09:54:41","guid":{"rendered":"http:\/\/www.priamacesta.sk\/?page_id=2"},"modified":"2022-02-26T19:54:30","modified_gmt":"2022-02-26T18:54:30","slug":"ukazka-strany","status":"publish","type":"page","link":"http:\/\/www.priamacesta.sk\/","title":{"rendered":"Priama cesta &#8211; vedom\u00e9 rozpoznanie skuto\u010dnosti"},"content":{"rendered":"\n<p>Vedom\u00e9 pre\u017e\u00edvanie skuto\u010dnosti &#8220;Ja som&#8221; je to jedin\u00e9, na \u010dom z\u00e1le\u017e\u00ed. Je dostupn\u00e9 ka\u017ed\u00e9mu, kto h\u013ead\u00e1, tu a teraz. Ako na to?<\/p>\n\n\n\n<blockquote class=\"wp-block-quote is-layout-flow wp-block-quote-is-layout-flow\"><p>Pozoruj, miluj a odovzdaj sa.<\/p><\/blockquote>\n\n\n\n<p>Toto je praktick\u00fd sprievodca na ceste za poznan\u00edm sam\u00e9ho seba, podstaty bytia a najvy\u0161\u0161ieho vedomia cez vlastn\u00fa sk\u00fasenos\u0165. Rozpoznan\u00edm vedomia &#8220;Ja som&#8221; v spojen\u00ed s najvy\u0161\u0161\u00edm vedom\u00edm za\u017e\u00edvame jedin\u00fa  prav\u00fa skuto\u010dnos\u0165 a podstatu bytia &#8211; Jednotu. Priama a okam\u017eit\u00e1 osobn\u00e1 sk\u00fasenos\u0165 spojenia s najvy\u0161\u0161\u00edm vedom\u00edm je pr\u00edstupn\u00e1 ka\u017ed\u00e9mu \u010dloveku bez oh\u013eadu na na\u0161e vn\u00fatorn\u00e9 presved\u010denie, n\u00e1bo\u017eensk\u00e9 vyznanie alebo vieru.<\/p>\n\n\n\n<blockquote class=\"wp-block-quote is-layout-flow wp-block-quote-is-layout-flow\"><p>K poznaniu vedie priama cesta a milos\u0165 najvy\u0161\u0161ieho vedomia.<\/p><\/blockquote>\n\n\n\n<p>K vedom\u00e9mu rozpoznaniu skuto\u010dnosti vedie priama cesta: s\u00fabor praktick\u00fdch cvi\u010den\u00ed, ktor\u00fdch vykon\u00e1vanie napom\u00e1ha spojeniu vedomia &#8220;Ja som&#8221; s najvy\u0161\u0161\u00edm vedom\u00edm. Prax priamej cesty m\u00f4\u017ee vykon\u00e1va\u0165 ka\u017ed\u00fd \u010dlovek v akejko\u013evek \u017eivotnej situ\u00e1cii. Tieto cvi\u010denia s\u00fa pr\u00edtomn\u00e9 a viac, \u010di menej otvorene pop\u00edsan\u00e9 v mystickej praxi v\u0161etk\u00fdch svetov\u00fdch n\u00e1bo\u017eenstiev a v s\u00fa\u010dasnosti s\u00fa vo\u013ene dostupn\u00e9 ka\u017ed\u00e9mu \u010dloveku. Nevia\u017eu sa v\u0161ak priamo na \u017eiadne n\u00e1bo\u017eenstvo a viera v Boha nie je podmienkou ich vykon\u00e1vania.<\/p>\n\n\n\n<p>Je d\u00f4le\u017eit\u00e9 zd\u00f4razni\u0165, \u017ee ak\u00e9ko\u013evek vn\u00fatorn\u00e9 sna\u017eenie alebo aktivity, ktor\u00e9 vykon\u00e1vame, tak ako aj v\u0161etko ostatn\u00e9 v \u017eivote, rob\u00edme v plnej miere na vlastn\u00fa zodpovednos\u0165 a za nasledovanie ak\u00fdchko\u013evek r\u00e1d, praktick\u00fdch cvi\u010den\u00ed alebo u\u010den\u00ed a za n\u00e1sledky v\u0161etk\u00fdch na\u0161ich \u010dinov nesieme vo\u010di sebe a cel\u00e9mu svetu pln\u00fa zodpovednos\u0165 len my sami.<\/p>\n\n\n\n<p>Cie\u013eom t\u00fdchto str\u00e1nok nie je nikoho u\u010di\u0165, ukazova\u0165 pravdu, presvied\u010da\u0165 alebo vies\u0165. Ich z\u00e1merom je podeli\u0165 sa o osobn\u00fa sk\u00fasenos\u0165 autora a uk\u00e1za\u0165 mo\u017en\u00e9 sp\u00f4soby spojenia \u013eudsk\u00e9ho vedomia s najvy\u0161\u0161\u00edm vedom\u00edm pre t\u00fdch, ktor\u00ed po tom \u00faprimne a zo srdca t\u00fa\u017eia. \u00daprimne ver\u00edm, \u017ee obsah t\u00fdchto str\u00e1nok bude pre niekoho u\u017eito\u010dn\u00fd.<\/p>\n","protected":false},"excerpt":{"rendered":"<p>Vedom\u00e9 pre\u017e\u00edvanie skuto\u010dnosti &#8220;Ja som&#8221; je to jedin\u00e9, na \u010dom z\u00e1le\u017e\u00ed. Je dostupn\u00e9 ka\u017ed\u00e9mu, kto h\u013ead\u00e1, tu a teraz. Ako na to? Pozoruj, miluj a &hellip; <\/p>\n","protected":false},"author":1,"featured_media":0,"parent":0,"menu_order":0,"comment_status":"closed","ping_status":"open","template":"","meta":{"footnotes":""},"class_list":["post-2","page","type-page","status-publish","hentry"],"_links":{"self":[{"href":"http:\/\/www.priamacesta.sk\/index.php\/wp-json\/wp\/v2\/pages\/2","targetHints":{"allow":["GET"]}}],"collection":[{"href":"http:\/\/www.priamacesta.sk\/index.php\/wp-json\/wp\/v2\/pages"}],"about":[{"href":"http:\/\/www.priamacesta.sk\/index.php\/wp-json\/wp\/v2\/types\/page"}],"author":[{"embeddable":true,"href":"http:\/\/www.priamacesta.sk\/index.php\/wp-json\/wp\/v2\/users\/1"}],"replies":[{"embeddable":true,"href":"http:\/\/www.priamacesta.sk\/index.php\/wp-json\/wp\/v2\/comments?post=2"}],"version-history":[{"count":18,"href":"http:\/\/www.priamacesta.sk\/index.php\/wp-json\/wp\/v2\/pages\/2\/revisions"}],"predecessor-version":[{"id":125,"href":"http:\/\/www.priamacesta.sk\/index.php\/wp-json\/wp\/v2\/pages\/2\/revisions\/125"}],"wp:attachment":[{"href":"http:\/\/www.priamacesta.sk\/index.php\/wp-json\/wp\/v2\/media?parent=2"}],"curies":[{"name":"wp","href":"https:\/\/api.w.org\/{rel}","templated":true}]}}